{"id":20,"date":"2022-10-25T13:58:41","date_gmt":"2022-10-25T11:58:41","guid":{"rendered":"https:\/\/fablab.loritz.fr\/?page_id=20"},"modified":"2025-09-06T20:47:33","modified_gmt":"2025-09-06T18:47:33","slug":"la-libre-creation","status":"publish","type":"page","link":"https:\/\/fablab.loritz.fr\/","title":{"rendered":"Pour faire soi-m\u00eame et faire ensemble !"},"content":{"rendered":"\n<div class=\"wp-block-group alignfull has-vivid-cyan-blue-to-vivid-purple-gradient-background has-background is-layout-constrained wp-block-group-is-layout-constrained\">\n<h1 class=\"wp-block-heading has-text-align-center has-ast-global-color-4-color has-text-color has-link-color has-x-large-font-size wp-elements-7cec627f5148b42e4a2b314799fbea50\">Pour faire soi-m\u00eame et faire ensemble !<\/h1>\n\n\n\n<div class=\"wp-block-group is-layout-constrained wp-block-group-is-layout-constrained\">\n<h2 class=\"wp-block-heading has-text-align-center has-ast-global-color-4-color has-text-color has-link-color has-medium-font-size wp-elements-f0553fe83c903c7c0ecf0f17fb95137a\">Bienvenue sur le site de L&rsquo;incubateur Loritz&rsquo;Labs<\/h2>\n\n\n\n<figure class=\"wp-block-gallery has-nested-images columns-default is-cropped wp-block-gallery-1 is-layout-flex wp-block-gallery-is-layout-flex\">\n<figure class=\"wp-block-image size-large is-style-default\"><a href=\"https:\/\/fablab.loritz.fr\/wp-content\/uploads\/2022\/10\/280733217_527767402267201_1854285778642261170_n.jpg\"><img loading=\"lazy\" decoding=\"async\" width=\"1080\" height=\"1080\" data-id=\"26\" src=\"https:\/\/fablab.loritz.fr\/wp-content\/uploads\/2022\/10\/280733217_527767402267201_1854285778642261170_n.jpg\" alt=\"\" class=\"wp-image-26\" srcset=\"https:\/\/fablab.loritz.fr\/wp-content\/uploads\/2022\/10\/280733217_527767402267201_1854285778642261170_n.jpg 1080w, https:\/\/fablab.loritz.fr\/wp-content\/uploads\/2022\/10\/280733217_527767402267201_1854285778642261170_n-300x300.jpg 300w, https:\/\/fablab.loritz.fr\/wp-content\/uploads\/2022\/10\/280733217_527767402267201_1854285778642261170_n-1024x1024.jpg 1024w, https:\/\/fablab.loritz.fr\/wp-content\/uploads\/2022\/10\/280733217_527767402267201_1854285778642261170_n-150x150.jpg 150w, https:\/\/fablab.loritz.fr\/wp-content\/uploads\/2022\/10\/280733217_527767402267201_1854285778642261170_n-768x768.jpg 768w\" sizes=\"auto, (max-width: 1080px) 100vw, 1080px\" \/><\/a><figcaption class=\"wp-element-caption\">Le cendrier sondeur<\/figcaption><\/figure>\n\n\n\n<figure class=\"wp-block-image size-large\"><a href=\"https:\/\/fablab.loritz.fr\/wp-content\/uploads\/2022\/10\/277637464_743634679954067_377260051644861096_n.jpg\"><img loading=\"lazy\" decoding=\"async\" width=\"1080\" height=\"1080\" data-id=\"25\" src=\"https:\/\/fablab.loritz.fr\/wp-content\/uploads\/2022\/10\/277637464_743634679954067_377260051644861096_n.jpg\" alt=\"\" class=\"wp-image-25\" srcset=\"https:\/\/fablab.loritz.fr\/wp-content\/uploads\/2022\/10\/277637464_743634679954067_377260051644861096_n.jpg 1080w, https:\/\/fablab.loritz.fr\/wp-content\/uploads\/2022\/10\/277637464_743634679954067_377260051644861096_n-300x300.jpg 300w, https:\/\/fablab.loritz.fr\/wp-content\/uploads\/2022\/10\/277637464_743634679954067_377260051644861096_n-1024x1024.jpg 1024w, https:\/\/fablab.loritz.fr\/wp-content\/uploads\/2022\/10\/277637464_743634679954067_377260051644861096_n-150x150.jpg 150w, https:\/\/fablab.loritz.fr\/wp-content\/uploads\/2022\/10\/277637464_743634679954067_377260051644861096_n-768x768.jpg 768w\" sizes=\"auto, (max-width: 1080px) 100vw, 1080px\" \/><\/a><figcaption class=\"wp-element-caption\">Montage vid\u00e9o<\/figcaption><\/figure>\n\n\n\n<figure class=\"wp-block-image size-large\"><a href=\"https:\/\/fablab.loritz.fr\/wp-content\/uploads\/2022\/10\/272757592_132661479239454_8680604541186934925_n.jpg\"><img loading=\"lazy\" decoding=\"async\" width=\"1080\" height=\"1080\" data-id=\"24\" src=\"https:\/\/fablab.loritz.fr\/wp-content\/uploads\/2022\/10\/272757592_132661479239454_8680604541186934925_n.jpg\" alt=\"\" class=\"wp-image-24\" srcset=\"https:\/\/fablab.loritz.fr\/wp-content\/uploads\/2022\/10\/272757592_132661479239454_8680604541186934925_n.jpg 1080w, https:\/\/fablab.loritz.fr\/wp-content\/uploads\/2022\/10\/272757592_132661479239454_8680604541186934925_n-300x300.jpg 300w, https:\/\/fablab.loritz.fr\/wp-content\/uploads\/2022\/10\/272757592_132661479239454_8680604541186934925_n-1024x1024.jpg 1024w, https:\/\/fablab.loritz.fr\/wp-content\/uploads\/2022\/10\/272757592_132661479239454_8680604541186934925_n-150x150.jpg 150w, https:\/\/fablab.loritz.fr\/wp-content\/uploads\/2022\/10\/272757592_132661479239454_8680604541186934925_n-768x768.jpg 768w\" sizes=\"auto, (max-width: 1080px) 100vw, 1080px\" \/><\/a><figcaption class=\"wp-element-caption\">La CNC en construction<\/figcaption><\/figure>\n\n\n\n<figure class=\"wp-block-image size-large\"><a href=\"https:\/\/fablab.loritz.fr\/wp-content\/uploads\/2022\/10\/272669819_361277338705164_2822710834852455743_n.jpg\"><img loading=\"lazy\" decoding=\"async\" width=\"1080\" height=\"1080\" data-id=\"23\" src=\"https:\/\/fablab.loritz.fr\/wp-content\/uploads\/2022\/10\/272669819_361277338705164_2822710834852455743_n.jpg\" alt=\"\" class=\"wp-image-23\" srcset=\"https:\/\/fablab.loritz.fr\/wp-content\/uploads\/2022\/10\/272669819_361277338705164_2822710834852455743_n.jpg 1080w, https:\/\/fablab.loritz.fr\/wp-content\/uploads\/2022\/10\/272669819_361277338705164_2822710834852455743_n-300x300.jpg 300w, https:\/\/fablab.loritz.fr\/wp-content\/uploads\/2022\/10\/272669819_361277338705164_2822710834852455743_n-1024x1024.jpg 1024w, https:\/\/fablab.loritz.fr\/wp-content\/uploads\/2022\/10\/272669819_361277338705164_2822710834852455743_n-150x150.jpg 150w, https:\/\/fablab.loritz.fr\/wp-content\/uploads\/2022\/10\/272669819_361277338705164_2822710834852455743_n-768x768.jpg 768w\" sizes=\"auto, (max-width: 1080px) 100vw, 1080px\" \/><\/a><figcaption class=\"wp-element-caption\">Pr\u00e9sentation du lieu<br>(anciens locaux)<\/figcaption><\/figure>\n\n\n\n<figure class=\"wp-block-image size-large\"><a href=\"https:\/\/fablab.loritz.fr\/wp-content\/uploads\/2022\/10\/57558558_167384610934604_794997687758756737_n.jpg\"><img loading=\"lazy\" decoding=\"async\" width=\"1080\" height=\"1080\" data-id=\"22\" src=\"https:\/\/fablab.loritz.fr\/wp-content\/uploads\/2022\/10\/57558558_167384610934604_794997687758756737_n.jpg\" alt=\"\" class=\"wp-image-22\" srcset=\"https:\/\/fablab.loritz.fr\/wp-content\/uploads\/2022\/10\/57558558_167384610934604_794997687758756737_n.jpg 1080w, https:\/\/fablab.loritz.fr\/wp-content\/uploads\/2022\/10\/57558558_167384610934604_794997687758756737_n-300x300.jpg 300w, https:\/\/fablab.loritz.fr\/wp-content\/uploads\/2022\/10\/57558558_167384610934604_794997687758756737_n-1024x1024.jpg 1024w, https:\/\/fablab.loritz.fr\/wp-content\/uploads\/2022\/10\/57558558_167384610934604_794997687758756737_n-150x150.jpg 150w, https:\/\/fablab.loritz.fr\/wp-content\/uploads\/2022\/10\/57558558_167384610934604_794997687758756737_n-768x768.jpg 768w\" sizes=\"auto, (max-width: 1080px) 100vw, 1080px\" \/><\/a><figcaption class=\"wp-element-caption\">Borne d&rsquo;arcade<\/figcaption><\/figure>\n<\/figure>\n<\/div>\n<\/div>\n\n\n\n<hr class=\"wp-block-separator has-alpha-channel-opacity\"\/>\n\n\n\n<h1 class=\"wp-block-heading\">LE FAB LAB<\/h1>\n\n\n\n<h2 class=\"wp-block-heading has-accent-color has-text-color\">Qu&rsquo;est-ce qu&rsquo;un FABLAB ?<a href=\"https:\/\/sites.ac-nancy-metz.fr\/lyc-loritz\/upload\/contenu\/xl_4416-Equipements-de-Realite-Virtuelle.jpg\"><\/a><\/h2>\n\n\n\n<p class=\"has-primary-color has-text-color has-medium-font-size\">Un Fab Lab (pour Fabrication Laboratory en Anglais, ou Laboratoire de Fabrication en Fran\u00e7ais) est un lieu ouvert o\u00f9 sont mis \u00e0 disposition toutes sortes d\u2019outils et de machines, dans le but de concevoir et de r\u00e9aliser des objets. Ce sont des ateliers de fabrication destin\u00e9s \u00e0 tous ceux qui souhaitent s\u2019initier \u00e0 une pratique, transmettre un savoir ou simplement exp\u00e9rimenter.<\/p>\n\n\n\n<p class=\"has-primary-color has-text-color has-medium-font-size\">Lieu ouvert \u00e0 tous et ce quel que soit le niveau de formation.<\/p>\n\n\n\n<h2 class=\"wp-block-heading has-accent-color has-text-color\">Cr\u00e9ation du FABLAB de Loritz<\/h2>\n\n\n\n<p class=\"has-primary-color has-text-color has-medium-font-size\">Cr\u00e9\u00e9 en 2017 et inaugur\u00e9 en 2018, l\u2019Incubateur Loritz\u2019Labs a pour mission la formation des jeunes et des professeurs aux nouvelles technologie telles que notamment l\u2019impression 3D.<\/p>\n\n\n\n<h2 class=\"wp-block-heading has-accent-color has-text-color\">Foire aux questions<\/h2>\n\n\n\n<ul class=\"wp-block-list has-primary-color has-text-color has-medium-font-size\">\n<li><strong>Les horaires ?<\/strong><br>De 8h00 \u00e0 18h00<br><\/li>\n\n\n\n<li><strong>Le public ?<\/strong><br>Tout le monde a acc\u00e8s au fablab, quel que soit le cursus scolaire suivi. Par soucis de s\u00e9curit\u00e9, les personnes venant de l\u2019ext\u00e9rieur du lyc\u00e9e doivent passer par la voie hi\u00e9rarchique avant.<br><\/li>\n\n\n\n<li><strong>Peut-on tout r\u00e9aliser ?<\/strong><br>Dans la limite du raisonnable et sous appr\u00e9ciation du\/des FabManager(s). Chaque projet demande des ressources (mat\u00e9riel et temporel) et la gestion de ces ressources est essentielle pour satisfaire le plus grand nombre.<br><br>La faisabilit\u00e9 est \u00e9tudi\u00e9e au moment de la demande et nous nous r\u00e9servons le droit de refuser un projet si nous jugeons celui-ci inadapt\u00e9e \u00e0 notre capacit\u00e9 de production. Une \u00e9tude suppl\u00e9mentaire devra donc \u00eatre r\u00e9alis\u00e9e pour pallier au probl\u00e8me initial.<br><br>La r\u00e9alisation de toute type d\u2019arme est interdite.<br><\/li>\n\n\n\n<li><strong>Liste des machines disponible :<\/strong><br>&#8211; Imprimante 3D<br>&#8211; D\u00e9coupe Laser<br>&#8211; CNC<br>&#8211; Traceur (imprimante papier grand format)<br>&#8211; Imprimante papier classique<br>&#8211; Outils de bricolage<br>&#8211; Audiovisuel<\/li>\n<\/ul>\n\n\n\n<p><\/p>\n","protected":false},"excerpt":{"rendered":"<p>Pour faire soi-m\u00eame et faire ensemble ! Bienvenue sur le site de L&rsquo;incubateur Loritz&rsquo;Labs LE FAB LAB Qu&rsquo;est-ce qu&rsquo;un FABLAB [&hellip;]<\/p>\n","protected":false},"author":1,"featured_media":0,"parent":0,"menu_order":0,"comment_status":"closed","ping_status":"closed","template":"","meta":{"site-sidebar-layout":"default","site-content-layout":"","ast-site-content-layout":"default","site-content-style":"default","site-sidebar-style":"default","ast-global-header-display":"","ast-banner-title-visibility":"","ast-main-header-display":"","ast-hfb-above-header-display":"","ast-hfb-below-header-display":"","ast-hfb-mobile-header-display":"","site-post-title":"disabled","ast-breadcrumbs-content":"","ast-featured-img":"","footer-sml-layout":"","theme-transparent-header-meta":"","adv-header-id-meta":"","stick-header-meta":"","header-above-stick-meta":"","header-main-stick-meta":"","header-below-stick-meta":"","astra-migrate-meta-layouts":"default","ast-page-background-enabled":"default","ast-page-background-meta":{"desktop":{"background-color":"var(--ast-global-color-5)","background-image":"","background-repeat":"repeat","background-position":"center center","background-size":"auto","background-attachment":"scroll","background-type":"","background-media":"","overlay-type":"","overlay-color":"","overlay-opacity":"","overlay-gradient":""},"tablet":{"background-color":"","background-image":"","background-repeat":"repeat","background-position":"center center","background-size":"auto","background-attachment":"scroll","background-type":"","background-media":"","overlay-type":"","overlay-color":"","overlay-opacity":"","overlay-gradient":""},"mobile":{"background-color":"","background-image":"","background-repeat":"repeat","background-position":"center center","background-size":"auto","background-attachment":"scroll","background-type":"","background-media":"","overlay-type":"","overlay-color":"","overlay-opacity":"","overlay-gradient":""}},"ast-content-background-meta":{"desktop":{"background-color":"var(--ast-global-color-4)","background-image":"","background-repeat":"repeat","background-position":"center center","background-size":"auto","background-attachment":"scroll","background-type":"","background-media":"","overlay-type":"","overlay-color":"","overlay-opacity":"","overlay-gradient":""},"tablet":{"background-color":"var(--ast-global-color-4)","background-image":"","background-repeat":"repeat","background-position":"center center","background-size":"auto","background-attachment":"scroll","background-type":"","background-media":"","overlay-type":"","overlay-color":"","overlay-opacity":"","overlay-gradient":""},"mobile":{"background-color":"var(--ast-global-color-4)","background-image":"","background-repeat":"repeat","background-position":"center center","background-size":"auto","background-attachment":"scroll","background-type":"","background-media":"","overlay-type":"","overlay-color":"","overlay-opacity":"","overlay-gradient":""}},"footnotes":""},"class_list":["post-20","page","type-page","status-publish","hentry"],"_links":{"self":[{"href":"https:\/\/fablab.loritz.fr\/index.php\/wp-json\/wp\/v2\/pages\/20","targetHints":{"allow":["GET"]}}],"collection":[{"href":"https:\/\/fablab.loritz.fr\/index.php\/wp-json\/wp\/v2\/pages"}],"about":[{"href":"https:\/\/fablab.loritz.fr\/index.php\/wp-json\/wp\/v2\/types\/page"}],"author":[{"embeddable":true,"href":"https:\/\/fablab.loritz.fr\/index.php\/wp-json\/wp\/v2\/users\/1"}],"replies":[{"embeddable":true,"href":"https:\/\/fablab.loritz.fr\/index.php\/wp-json\/wp\/v2\/comments?post=20"}],"version-history":[{"count":25,"href":"https:\/\/fablab.loritz.fr\/index.php\/wp-json\/wp\/v2\/pages\/20\/revisions"}],"predecessor-version":[{"id":211,"href":"https:\/\/fablab.loritz.fr\/index.php\/wp-json\/wp\/v2\/pages\/20\/revisions\/211"}],"wp:attachment":[{"href":"https:\/\/fablab.loritz.fr\/index.php\/wp-json\/wp\/v2\/media?parent=20"}],"curies":[{"name":"wp","href":"https:\/\/api.w.org\/{rel}","templated":true}]}}